{"id":4371,"date":"2022-10-07T10:20:13","date_gmt":"2022-10-07T10:20:13","guid":{"rendered":"https:\/\/bionic-abutment.pl\/index.php\/demo-design-system\/"},"modified":"2026-03-17T13:39:10","modified_gmt":"2026-03-17T13:39:10","slug":"o-nas","status":"publish","type":"page","link":"https:\/\/bionic-abutment.pl\/index.php\/o-nas\/","title":{"rendered":"O nas"},"content":{"rendered":"\t\t<div data-elementor-type=\"wp-page\" data-elementor-id=\"4371\" class=\"elementor elementor-4371\" data-elementor-post-type=\"page\">\n\t\t\t\t\t\t<section class=\"elementor-section elementor-top-section elementor-element elementor-element-16017f4 elementor-section-full_width elementor-section-height-min-height elementor-section-content-bottom elementor-section-stretched elementor-section-items-bottom elementor-section-height-default\" data-id=\"16017f4\" data-element_type=\"section\" data-e-type=\"section\" data-settings=\"{&quot;stretch_section&quot;:&quot;section-stretched&quot;,&quot;background_background&quot;:&quot;classic&quot;}\">\n\t\t\t\t\t\t\t<div class=\"elementor-background-overlay\"><\/div>\n\t\t\t\t\t\t\t<div class=\"elementor-container elementor-column-gap-custom\">\n\t\t\t\t\t<div class=\"elementor-column elementor-col-33 elementor-top-column elementor-element elementor-element-720413d\" data-id=\"720413d\" data-element_type=\"column\" data-e-type=\"column\">\n\t\t\t<div class=\"elementor-widget-wrap elementor-element-populated\">\n\t\t\t\t\t\t<div class=\"elementor-element elementor-element-21139e3 elementor-widget__width-initial elementor-widget elementor-widget-heading\" data-id=\"21139e3\" data-element_type=\"widget\" data-e-type=\"widget\" data-widget_type=\"heading.default\">\n\t\t\t\t\t<h2 class=\"elementor-heading-title elementor-size-default\">O NAS<\/h2>\t\t\t\t<\/div>\n\t\t\t\t\t<\/div>\n\t\t<\/div>\n\t\t\t\t<div class=\"elementor-column elementor-col-33 elementor-top-column elementor-element elementor-element-c14ab18\" data-id=\"c14ab18\" data-element_type=\"column\" data-e-type=\"column\">\n\t\t\t<div class=\"elementor-widget-wrap\">\n\t\t\t\t\t\t\t<\/div>\n\t\t<\/div>\n\t\t\t\t<div class=\"elementor-column elementor-col-33 elementor-top-column elementor-element elementor-element-aad13d0\" data-id=\"aad13d0\" data-element_type=\"column\" data-e-type=\"column\">\n\t\t\t<div class=\"elementor-widget-wrap\">\n\t\t\t\t\t\t\t<\/div>\n\t\t<\/div>\n\t\t\t\t\t<\/div>\n\t\t<\/section>\n\t\t\t\t<section class=\"elementor-section elementor-top-section elementor-element elementor-element-e9736ca elementor-section-full_width elementor-section-height-min-height elementor-section-content-middle elementor-section-stretched elementor-section-height-default elementor-section-items-middle\" data-id=\"e9736ca\" data-element_type=\"section\" data-e-type=\"section\" data-settings=\"{&quot;stretch_section&quot;:&quot;section-stretched&quot;,&quot;background_background&quot;:&quot;classic&quot;}\">\n\t\t\t\t\t\t\t<div class=\"elementor-background-overlay\"><\/div>\n\t\t\t\t\t\t\t<div class=\"elementor-container elementor-column-gap-custom\">\n\t\t\t\t\t<div class=\"elementor-column elementor-col-33 elementor-top-column elementor-element elementor-element-11e6593\" data-id=\"11e6593\" data-element_type=\"column\" data-e-type=\"column\">\n\t\t\t<div class=\"elementor-widget-wrap elementor-element-populated\">\n\t\t\t\t\t\t<div class=\"elementor-element elementor-element-bd49910 content-align-center icon-box-vertical-align-center icon-position-top icon-vertical-align-center animated-slow elementor-invisible elementor-widget elementor-widget-the7_icon_box_widget\" data-id=\"bd49910\" data-element_type=\"widget\" data-e-type=\"widget\" data-settings=\"{&quot;_animation&quot;:&quot;fadeIn&quot;}\" data-widget_type=\"the7_icon_box_widget.default\">\n\t\t\t\t<div class=\"elementor-widget-container\">\n\t\t\t\t\t\n\t\t<div class=\"the7-box-wrapper the7-elementor-widget the7_icon_box_widget-bd49910\">\t\t\t<div class=\"box-content-wrapper\">\n\t\t\t\t\t\t\t\t<div class=\"box-content\">\n\t\t\t\t\t\t\t\t\t\t\t\t\t\t\t\t<div class=\"box-description\">Zg\u0142o\u015b sie do nas. S\u0142u\u017cymy pomoc\u0105 i do\u015bwiadczeniem w implantoprotetyce. Indywidualnie podchodzimy do ka\u017cdego projektu.<\/div>\n\t\t\t\t\t\n\t\t\t\t\t\n\t\t\t\t<\/div>\n\t\t\t<\/div>\n\t\t<\/div>\t\t\t\t\t<\/div>\n\t\t\t\t<\/div>\n\t\t\t\t\t<\/div>\n\t\t<\/div>\n\t\t\t\t<div class=\"elementor-column elementor-col-33 elementor-top-column elementor-element elementor-element-b63c55e\" data-id=\"b63c55e\" data-element_type=\"column\" data-e-type=\"column\">\n\t\t\t<div class=\"elementor-widget-wrap elementor-element-populated\">\n\t\t\t\t\t\t<div class=\"elementor-element elementor-element-641692c content-align-center icon-box-vertical-align-center icon-position-top icon-vertical-align-center animated-slow elementor-invisible elementor-widget elementor-widget-the7_icon_box_widget\" data-id=\"641692c\" data-element_type=\"widget\" data-e-type=\"widget\" data-settings=\"{&quot;_animation&quot;:&quot;fadeIn&quot;}\" data-widget_type=\"the7_icon_box_widget.default\">\n\t\t\t\t<div class=\"elementor-widget-container\">\n\t\t\t\t\t\n\t\t<div class=\"the7-box-wrapper the7-elementor-widget the7_icon_box_widget-641692c\">\t\t\t<div class=\"box-content-wrapper\">\n\t\t\t\t\t\t\t\t<div class=\"box-content\">\n\t\t\t\t\t\t\t\t\t\t\t\t\t\t\t\t\t<h5 class=\"box-heading\">\n\t\t\t\t\t\t\t<a >\t\t\t\t\t\t\t\tNIESPOTYKANA PRECYZJA\t\t\t\t\t\t\t<\/a>\t\t\t\t\t\t<\/h5>\n\t\t\t\t\t\t\t\t\t\t\t\t\t\t\t\t<div class=\"box-description\">\u0141\u0105czniki indywidualne bionic frezowane s\u0105 z imponuj\u0105c\u0105 dok\u0142adno\u015bci\u0105 do 4\u03bcm a skanowanie obiekt\u00f3w to precyzja rz\u0119du do 5\u03bcm. .<\/div>\n\t\t\t\t\t\n\t\t\t\t\t\n\t\t\t\t<\/div>\n\t\t\t<\/div>\n\t\t<\/div>\t\t\t\t\t<\/div>\n\t\t\t\t<\/div>\n\t\t\t\t\t<\/div>\n\t\t<\/div>\n\t\t\t\t<div class=\"elementor-column elementor-col-33 elementor-top-column elementor-element elementor-element-7620bf7\" data-id=\"7620bf7\" data-element_type=\"column\" data-e-type=\"column\">\n\t\t\t<div class=\"elementor-widget-wrap elementor-element-populated\">\n\t\t\t\t\t\t<div class=\"elementor-element elementor-element-4758cfe content-align-center icon-box-vertical-align-center icon-position-top icon-vertical-align-center animated-slow elementor-invisible elementor-widget elementor-widget-the7_icon_box_widget\" data-id=\"4758cfe\" data-element_type=\"widget\" data-e-type=\"widget\" data-settings=\"{&quot;_animation&quot;:&quot;fadeIn&quot;}\" data-widget_type=\"the7_icon_box_widget.default\">\n\t\t\t\t<div class=\"elementor-widget-container\">\n\t\t\t\t\t\n\t\t<div class=\"the7-box-wrapper the7-elementor-widget the7_icon_box_widget-4758cfe\">\t\t\t<div class=\"box-content-wrapper\">\n\t\t\t\t\t\t\t\t<div class=\"box-content\">\n\t\t\t\t\t\t\t\t\t\t\t\t\t\t\t\t<div class=\"box-description\">Wykonywanie u nas \u0142\u0105cznik\u00f3w indywidualnych, zapewni\u0105 osi\u0105gni\u0119cie wysokich rezultat\u00f3w estetycznych oraz funkcjonalnych.<\/div>\n\t\t\t\t\t\n\t\t\t\t\t\n\t\t\t\t<\/div>\n\t\t\t<\/div>\n\t\t<\/div>\t\t\t\t\t<\/div>\n\t\t\t\t<\/div>\n\t\t\t\t\t<\/div>\n\t\t<\/div>\n\t\t\t\t\t<\/div>\n\t\t<\/section>\n\t\t<div class=\"elementor-element elementor-element-079ba61 e-flex e-con-boxed e-con e-parent\" data-id=\"079ba61\" data-element_type=\"container\" data-e-type=\"container\">\n\t\t\t\t\t<div class=\"e-con-inner\">\n\t\t\t\t<div class=\"elementor-element elementor-element-68df408 elementor-widget elementor-widget-spacer\" data-id=\"68df408\" data-element_type=\"widget\" data-e-type=\"widget\" data-widget_type=\"spacer.default\">\n\t\t\t\t\t\t\t<div class=\"elementor-spacer\">\n\t\t\t<div class=\"elementor-spacer-inner\"><\/div>\n\t\t<\/div>\n\t\t\t\t\t\t<\/div>\n\t\t\t\t\t<\/div>\n\t\t\t\t<\/div>\n\t\t<div class=\"elementor-element elementor-element-1988a70 e-flex e-con-boxed e-con e-parent\" data-id=\"1988a70\" data-element_type=\"container\" data-e-type=\"container\">\n\t\t\t\t\t<div class=\"e-con-inner\">\n\t\t<div class=\"elementor-element elementor-element-1b3f51c e-con-full e-flex e-con e-child\" data-id=\"1b3f51c\" data-element_type=\"container\" data-e-type=\"container\">\n\t\t\t\t<\/div>\n\t\t<div class=\"elementor-element elementor-element-98b9653 e-con-full e-flex e-con e-child\" data-id=\"98b9653\" data-element_type=\"container\" data-e-type=\"container\">\n\t\t\t\t<div class=\"elementor-element elementor-element-ee5b5ad elementor-widget elementor-widget-text-editor\" data-id=\"ee5b5ad\" data-element_type=\"widget\" data-e-type=\"widget\" data-widget_type=\"text-editor.default\">\n\t\t\t\t\t\t\t\t\t<h2 data-start=\"194\" data-end=\"224\"><strong><span style=\"font-size: 18px; font-family: gt-planar-regular;\">W czym si\u0119 specjalizujemy<\/span><\/strong><\/h2><p data-start=\"226\" data-end=\"594\"><span style=\"font-family: gt-planar-regular;\">Od wielu lat z pasj\u0105 wykorzystujemy nowoczesne technologie cyfrowe w implantoprotetyce. Nieustannie inwestujemy w rozw\u00f3j \u2013 wprowadzamy nowe urz\u0105dzenia i systemy pomiarowe, kt\u00f3re pozwalaj\u0105 nam tworzy\u0107 jeszcze bardziej precyzyjne, estetyczne i trwa\u0142e odbudowy protetyczne.<\/span><br data-start=\"508\" data-end=\"511\" \/><span style=\"font-family: gt-planar-regular;\">Naszym celem jest doskona\u0142o\u015b\u0107 w ka\u017cdym detalu \u2013 od projektu po finalne wyko\u0144czenie.<\/span><\/p><p data-start=\"596\" data-end=\"1085\"><span style=\"font-family: gt-planar-regular;\">Specjalizujemy si\u0119 w produkcji komponent\u00f3w, dzi\u0119ki kt\u00f3rym dajemy mo\u017cliwo\u015b\u0107 realizacji nawet najbardziej wymagaj\u0105ce i skomplikowane przypadki implantoprotetyczne.<\/span><br data-start=\"747\" data-end=\"750\" \/><span style=\"font-family: gt-planar-regular;\">Wykonujemy komponenty do ponad 200 system\u00f3w implantologicznych, co pozwala nam elastycznie dopasowa\u0107 si\u0119 do potrzeb ka\u017cdego lekarza i pacjenta.<\/span><br data-start=\"893\" data-end=\"896\" \/><span style=\"font-family: gt-planar-regular;\">W naszej codziennej pracy koncentrujemy si\u0119 na tworzeniu rozwi\u0105za\u0144 okluzyjnie przykr\u0119canych, dlatego opracowujemy \u0142\u0105czniki indywidualne, idealnie dopasowane do ka\u017cdego przypadku klinicznego.\u00a0<\/span><\/p>\t\t\t\t\t\t\t\t<\/div>\n\t\t\t\t<\/div>\n\t\t\t\t\t<\/div>\n\t\t\t\t<\/div>\n\t\t<div class=\"elementor-element elementor-element-7219d6d e-flex e-con-boxed e-con e-parent\" data-id=\"7219d6d\" data-element_type=\"container\" data-e-type=\"container\">\n\t\t\t\t\t<div class=\"e-con-inner\">\n\t\t<div class=\"elementor-element elementor-element-44392a7 e-con-full e-flex e-con e-child\" data-id=\"44392a7\" data-element_type=\"container\" data-e-type=\"container\">\n\t\t\t\t<div class=\"elementor-element elementor-element-cc773d4 elementor-widget elementor-widget-text-editor\" data-id=\"cc773d4\" data-element_type=\"widget\" data-e-type=\"widget\" data-widget_type=\"text-editor.default\">\n\t\t\t\t\t\t\t\t\t<h2 data-start=\"1092\" data-end=\"1116\"><strong><span style=\"font-size: 18px; font-family: gt-planar-regular;\">Nasze do\u015bwiadczenie<\/span><\/strong><\/h2><p data-start=\"1118\" data-end=\"1413\">Zesp\u00f3\u0142 Bionic-Abutment tworz\u0105 do\u015bwiadczeni technicy, projektanci CAD oraz in\u017cynierowie, kt\u00f3rzy od lat opracowuj\u0105 innowacyjne rozwi\u0105zania dla implantoprotetyki.<br data-start=\"1298\" data-end=\"1301\" \/>Nasza firma powsta\u0142a z potrzeby sprostania codziennym wyzwaniom klinicznym, z jakimi mierz\u0105 si\u0119 implantolodzy.<\/p><p data-start=\"1415\" data-end=\"1791\">Wraz z rozwojem implantologii, lekarze zacz\u0119li poszukiwa\u0107 alternatywy dla odbud\u00f3w cementowanych \u2013 rozwi\u0105za\u0144 bardziej precyzyjnych, higienicznych i trwa\u0142ych. Odpowiadaj\u0105c na te potrzeby, opracowali\u015bmy \u0142\u0105czniki indywidualne o dowolnej kontowo\u015bci i profilu wy\u0142aniania przez dzi\u0105s\u0142o, kt\u00f3re zapewniaj\u0105 maksymaln\u0105 dok\u0142adno\u015b\u0107 i estetyk\u0119 w ka\u017cdych warunkach klinicznych.<\/p>\t\t\t\t\t\t\t\t<\/div>\n\t\t\t\t<\/div>\n\t\t<div class=\"elementor-element elementor-element-86aa3f6 e-con-full e-flex e-con e-child\" data-id=\"86aa3f6\" data-element_type=\"container\" data-e-type=\"container\">\n\t\t\t\t<div class=\"elementor-element elementor-element-30b41ac elementor-widget elementor-widget-spacer\" data-id=\"30b41ac\" data-element_type=\"widget\" data-e-type=\"widget\" data-widget_type=\"spacer.default\">\n\t\t\t\t\t\t\t<div class=\"elementor-spacer\">\n\t\t\t<div class=\"elementor-spacer-inner\"><\/div>\n\t\t<\/div>\n\t\t\t\t\t\t<\/div>\n\t\t\t\t<div class=\"elementor-element elementor-element-7c48859 elementor-widget elementor-widget-text-editor\" data-id=\"7c48859\" data-element_type=\"widget\" data-e-type=\"widget\" data-widget_type=\"text-editor.default\">\n\t\t\t\t\t\t\t\t\t<p data-start=\"1793\" data-end=\"2004\">Dysponuj\u0105c rozbudowanym parkiem maszynowym i nowoczesnymi technologiami produkcyjnymi, tworzymy komponenty klasy Premium, kt\u00f3re wyr\u00f3\u017cniaj\u0105 si\u0119 niezr\u00f3wnan\u0105 jako\u015bci\u0105 w skali europejskiej i \u015bwiatowej.<\/p>\n<p data-start=\"2006\" data-end=\"2302\">Znajduj\u0105 si\u0119 r\u00f3wnie\u017c realizacje dla system\u00f3w implantologicznych, kt\u00f3re nie s\u0105 ju\u017c dost\u0119pne na rynku. Dzi\u0119ki temu nasi klienci mog\u0105 reaktywowa\u0107 systemy implant\u00f3w, do kt\u00f3rych brakuje oryginalnych komponent\u00f3w \u2013 bez konieczno\u015bci ich usuwania czy wy\u0142\u0105czania z u\u017cytkowania.<\/p>\n<p data-start=\"2304\" data-end=\"2488\">Jeste\u015bmy zespo\u0142em, kt\u00f3ry \u0142\u0105czy innowacj\u0119, do\u015bwiadczenie i precyzj\u0119 in\u017cyniersk\u0105.<br data-start=\"2387\" data-end=\"2390\">Tworzymy rozwi\u0105zania szyte na miar\u0119, kt\u00f3re definiuj\u0105 przysz\u0142o\u015b\u0107 nowoczesnej implantoprotetyki.<\/p>\t\t\t\t\t\t\t\t<\/div>\n\t\t\t\t<\/div>\n\t\t\t\t\t<\/div>\n\t\t\t\t<\/div>\n\t\t<div class=\"elementor-element elementor-element-bed1069 e-flex e-con-boxed e-con e-parent\" data-id=\"bed1069\" data-element_type=\"container\" data-e-type=\"container\">\n\t\t\t\t\t<div class=\"e-con-inner\">\n\t\t<div class=\"elementor-element elementor-element-a1e033a e-grid e-con-full e-con e-child\" data-id=\"a1e033a\" data-element_type=\"container\" data-e-type=\"container\">\n\t\t\t\t<div class=\"elementor-element elementor-element-98ff108 content-align-center icon-box-vertical-align-center elementor-widget__width-initial icon-position-left icon-vertical-align-start elementor-widget elementor-widget-the7_icon_box_widget\" data-id=\"98ff108\" data-element_type=\"widget\" data-e-type=\"widget\" data-widget_type=\"the7_icon_box_widget.default\">\n\t\t\t\t<div class=\"elementor-widget-container\">\n\t\t\t\t\t\n\t\t<div class=\"the7-box-wrapper the7-elementor-widget the7_icon_box_widget-98ff108\">\t\t\t<div class=\"box-content-wrapper\">\n\t\t\t\t\t\t\t\t<div class=\"box-content\">\n\t\t\t\t\t\t\t\t\t\t\t\t\t\t\t\t\t<h4 class=\"box-heading\">\n\t\t\t\t\t\t\t<a >\t\t\t\t\t\t\t\tINNOWACJA\t\t\t\t\t\t\t<\/a>\t\t\t\t\t\t<\/h4>\n\t\t\t\t\t\t\t\t\t\t\n\t\t\t\t\t\n\t\t\t\t<\/div>\n\t\t\t<\/div>\n\t\t<\/div>\t\t\t\t\t<\/div>\n\t\t\t\t<\/div>\n\t\t\t\t<div class=\"elementor-element elementor-element-691235e content-align-center icon-box-vertical-align-center elementor-widget__width-initial icon-position-left icon-vertical-align-start elementor-widget elementor-widget-the7_icon_box_widget\" data-id=\"691235e\" data-element_type=\"widget\" data-e-type=\"widget\" data-widget_type=\"the7_icon_box_widget.default\">\n\t\t\t\t<div class=\"elementor-widget-container\">\n\t\t\t\t\t\n\t\t<div class=\"the7-box-wrapper the7-elementor-widget the7_icon_box_widget-691235e\">\t\t\t<div class=\"box-content-wrapper\">\n\t\t\t\t\t\t\t\t<div class=\"box-content\">\n\t\t\t\t\t\t\t\t\t\t\t\t\t\t\t\t\t<h4 class=\"box-heading\">\n\t\t\t\t\t\t\t<a >\t\t\t\t\t\t\t\tCUSTOMIZACJA\t\t\t\t\t\t\t<\/a>\t\t\t\t\t\t<\/h4>\n\t\t\t\t\t\t\t\t\t\t\n\t\t\t\t\t\n\t\t\t\t<\/div>\n\t\t\t<\/div>\n\t\t<\/div>\t\t\t\t\t<\/div>\n\t\t\t\t<\/div>\n\t\t\t\t<div class=\"elementor-element elementor-element-d1dd880 content-align-center icon-box-vertical-align-center elementor-widget__width-initial icon-position-left icon-vertical-align-start elementor-widget elementor-widget-the7_icon_box_widget\" data-id=\"d1dd880\" data-element_type=\"widget\" data-e-type=\"widget\" data-widget_type=\"the7_icon_box_widget.default\">\n\t\t\t\t<div class=\"elementor-widget-container\">\n\t\t\t\t\t\n\t\t<div class=\"the7-box-wrapper the7-elementor-widget the7_icon_box_widget-d1dd880\">\t\t\t<div class=\"box-content-wrapper\">\n\t\t\t\t\t\t\t\t<div class=\"box-content\">\n\t\t\t\t\t\t\t\t\t\t\t\t\t\t\t\t\t<h4 class=\"box-heading\">\n\t\t\t\t\t\t\t<a >\t\t\t\t\t\t\t\tTECHNOLOGIA\t\t\t\t\t\t\t<\/a>\t\t\t\t\t\t<\/h4>\n\t\t\t\t\t\t\t\t\t\t\n\t\t\t\t\t\n\t\t\t\t<\/div>\n\t\t\t<\/div>\n\t\t<\/div>\t\t\t\t\t<\/div>\n\t\t\t\t<\/div>\n\t\t\t\t<div class=\"elementor-element elementor-element-a514745 content-align-center icon-box-vertical-align-center elementor-widget__width-initial icon-position-left icon-vertical-align-start elementor-widget elementor-widget-the7_icon_box_widget\" data-id=\"a514745\" data-element_type=\"widget\" data-e-type=\"widget\" data-widget_type=\"the7_icon_box_widget.default\">\n\t\t\t\t<div class=\"elementor-widget-container\">\n\t\t\t\t\t\n\t\t<div class=\"the7-box-wrapper the7-elementor-widget the7_icon_box_widget-a514745\">\t\t\t<div class=\"box-content-wrapper\">\n\t\t\t\t\t\t\t\t<div class=\"box-content\">\n\t\t\t\t\t\t\t\t\t\t\t\t\t\t\t\t\t<h4 class=\"box-heading\">\n\t\t\t\t\t\t\t<a >\t\t\t\t\t\t\t\tPRECYZJA I DOPASOWANIE\t\t\t\t\t\t\t<\/a>\t\t\t\t\t\t<\/h4>\n\t\t\t\t\t\t\t\t\t\t\n\t\t\t\t\t\n\t\t\t\t<\/div>\n\t\t\t<\/div>\n\t\t<\/div>\t\t\t\t\t<\/div>\n\t\t\t\t<\/div>\n\t\t\t\t<div class=\"elementor-element elementor-element-afa255c content-align-center icon-box-vertical-align-center elementor-widget__width-initial icon-position-left icon-vertical-align-start elementor-widget elementor-widget-the7_icon_box_widget\" data-id=\"afa255c\" data-element_type=\"widget\" data-e-type=\"widget\" data-widget_type=\"the7_icon_box_widget.default\">\n\t\t\t\t<div class=\"elementor-widget-container\">\n\t\t\t\t\t\n\t\t<div class=\"the7-box-wrapper the7-elementor-widget the7_icon_box_widget-afa255c\">\t\t\t<div class=\"box-content-wrapper\">\n\t\t\t\t\t\t\t\t<div class=\"box-content\">\n\t\t\t\t\t\t\t\t\t\t\t\t\t\t\t\t\t<h4 class=\"box-heading\">\n\t\t\t\t\t\t\t<a >\t\t\t\t\t\t\t\tNIEZAWODNO\u015a\u0106 I TRWA\u0141O\u015a\u0106\t\t\t\t\t\t\t<\/a>\t\t\t\t\t\t<\/h4>\n\t\t\t\t\t\t\t\t\t\t\n\t\t\t\t\t\n\t\t\t\t<\/div>\n\t\t\t<\/div>\n\t\t<\/div>\t\t\t\t\t<\/div>\n\t\t\t\t<\/div>\n\t\t\t\t<div class=\"elementor-element elementor-element-e072885 content-align-center icon-box-vertical-align-center elementor-widget__width-initial icon-position-left icon-vertical-align-start elementor-widget elementor-widget-the7_icon_box_widget\" data-id=\"e072885\" data-element_type=\"widget\" data-e-type=\"widget\" data-widget_type=\"the7_icon_box_widget.default\">\n\t\t\t\t<div class=\"elementor-widget-container\">\n\t\t\t\t\t\n\t\t<div class=\"the7-box-wrapper the7-elementor-widget the7_icon_box_widget-e072885\">\t\t\t<div class=\"box-content-wrapper\">\n\t\t\t\t\t\t\t\t<div class=\"box-content\">\n\t\t\t\t\t\t\t\t\t\t\t\t\t\t\t\t\t<h4 class=\"box-heading\">\n\t\t\t\t\t\t\t<a >\t\t\t\t\t\t\t\tESTETYKA\t\t\t\t\t\t\t<\/a>\t\t\t\t\t\t<\/h4>\n\t\t\t\t\t\t\t\t\t\t\n\t\t\t\t\t\n\t\t\t\t<\/div>\n\t\t\t<\/div>\n\t\t<\/div>\t\t\t\t\t<\/div>\n\t\t\t\t<\/div>\n\t\t\t\t<\/div>\n\t\t\t\t<div class=\"elementor-element elementor-element-5e92a21 elementor-widget elementor-widget-spacer\" data-id=\"5e92a21\" data-element_type=\"widget\" data-e-type=\"widget\" data-widget_type=\"spacer.default\">\n\t\t\t\t\t\t\t<div class=\"elementor-spacer\">\n\t\t\t<div class=\"elementor-spacer-inner\"><\/div>\n\t\t<\/div>\n\t\t\t\t\t\t<\/div>\n\t\t\t\t\t<\/div>\n\t\t\t\t<\/div>\n\t\t\t\t<\/div>\n\t\t","protected":false},"excerpt":{"rendered":"<p>O NAS Zg\u0142o\u015b sie do nas. S\u0142u\u017cymy pomoc\u0105 i do\u015bwiadczeniem w implantoprotetyce. Indywidualnie podchodzimy do ka\u017cdego projektu. NIESPOTYKANA PRECYZJA \u0141\u0105czniki indywidualne bionic frezowane s\u0105 z imponuj\u0105c\u0105 dok\u0142adno\u015bci\u0105 do 4\u03bcm a skanowanie obiekt\u00f3w to precyzja rz\u0119du do 5\u03bcm. . Wykonywanie u nas \u0142\u0105cznik\u00f3w indywidualnych, zapewni\u0105 osi\u0105gni\u0119cie wysokich rezultat\u00f3w estetycznych oraz funkcjonalnych. W czym si\u0119 specjalizujemy Od&hellip;<\/p>\n","protected":false},"author":1,"featured_media":0,"parent":0,"menu_order":990,"comment_status":"closed","ping_status":"closed","template":"","meta":{"footnotes":""},"class_list":["post-4371","page","type-page","status-publish","hentry"],"aioseo_notices":[],"_links":{"self":[{"href":"https:\/\/bionic-abutment.pl\/index.php\/wp-json\/wp\/v2\/pages\/4371","targetHints":{"allow":["GET"]}}],"collection":[{"href":"https:\/\/bionic-abutment.pl\/index.php\/wp-json\/wp\/v2\/pages"}],"about":[{"href":"https:\/\/bionic-abutment.pl\/index.php\/wp-json\/wp\/v2\/types\/page"}],"author":[{"embeddable":true,"href":"https:\/\/bionic-abutment.pl\/index.php\/wp-json\/wp\/v2\/users\/1"}],"replies":[{"embeddable":true,"href":"https:\/\/bionic-abutment.pl\/index.php\/wp-json\/wp\/v2\/comments?post=4371"}],"version-history":[{"count":115,"href":"https:\/\/bionic-abutment.pl\/index.php\/wp-json\/wp\/v2\/pages\/4371\/revisions"}],"predecessor-version":[{"id":6131,"href":"https:\/\/bionic-abutment.pl\/index.php\/wp-json\/wp\/v2\/pages\/4371\/revisions\/6131"}],"wp:attachment":[{"href":"https:\/\/bionic-abutment.pl\/index.php\/wp-json\/wp\/v2\/media?parent=4371"}],"curies":[{"name":"wp","href":"https:\/\/api.w.org\/{rel}","templated":true}]}}