{"id":1642,"date":"2021-09-16T18:09:28","date_gmt":"2021-09-16T18:09:28","guid":{"rendered":"https:\/\/bionic-abutment.pl\/index.php\/about-us\/"},"modified":"2026-03-17T14:08:52","modified_gmt":"2026-03-17T14:08:52","slug":"technologia","status":"publish","type":"page","link":"https:\/\/bionic-abutment.pl\/index.php\/technologia\/","title":{"rendered":"Technologia"},"content":{"rendered":"\t\t<div data-elementor-type=\"wp-page\" data-elementor-id=\"1642\" class=\"elementor elementor-1642\" data-elementor-post-type=\"page\">\n\t\t\t\t\t\t<section class=\"elementor-section elementor-top-section elementor-element elementor-element-629f996 elementor-section-full_width elementor-section-height-min-height elementor-section-content-bottom elementor-section-stretched elementor-section-items-bottom elementor-section-height-default\" data-id=\"629f996\" data-element_type=\"section\" data-e-type=\"section\" data-settings=\"{&quot;stretch_section&quot;:&quot;section-stretched&quot;,&quot;background_background&quot;:&quot;classic&quot;}\">\n\t\t\t\t\t\t\t<div class=\"elementor-background-overlay\"><\/div>\n\t\t\t\t\t\t\t<div class=\"elementor-container elementor-column-gap-custom\">\n\t\t\t\t\t<div class=\"elementor-column elementor-col-33 elementor-top-column elementor-element elementor-element-90ae33d\" data-id=\"90ae33d\" data-element_type=\"column\" data-e-type=\"column\">\n\t\t\t<div class=\"elementor-widget-wrap elementor-element-populated\">\n\t\t\t\t\t\t<div class=\"elementor-element elementor-element-81cc4cc elementor-widget__width-initial elementor-widget elementor-widget-heading\" data-id=\"81cc4cc\" data-element_type=\"widget\" data-e-type=\"widget\" data-widget_type=\"heading.default\">\n\t\t\t\t\t<h2 class=\"elementor-heading-title elementor-size-default\">TECHNOLOGIA<\/h2>\t\t\t\t<\/div>\n\t\t\t\t\t<\/div>\n\t\t<\/div>\n\t\t\t\t<div class=\"elementor-column elementor-col-33 elementor-top-column elementor-element elementor-element-5c86c81\" data-id=\"5c86c81\" data-element_type=\"column\" data-e-type=\"column\">\n\t\t\t<div class=\"elementor-widget-wrap\">\n\t\t\t\t\t\t\t<\/div>\n\t\t<\/div>\n\t\t\t\t<div class=\"elementor-column elementor-col-33 elementor-top-column elementor-element elementor-element-18396d4\" data-id=\"18396d4\" data-element_type=\"column\" data-e-type=\"column\">\n\t\t\t<div class=\"elementor-widget-wrap\">\n\t\t\t\t\t\t\t<\/div>\n\t\t<\/div>\n\t\t\t\t\t<\/div>\n\t\t<\/section>\n\t\t<div class=\"elementor-element elementor-element-e9056c5 e-flex e-con-boxed e-con e-parent\" data-id=\"e9056c5\" data-element_type=\"container\" data-e-type=\"container\">\n\t\t\t\t\t<div class=\"e-con-inner\">\n\t\t\t\t<div class=\"elementor-element elementor-element-fc9415b elementor-widget elementor-widget-spacer\" data-id=\"fc9415b\" data-element_type=\"widget\" data-e-type=\"widget\" data-widget_type=\"spacer.default\">\n\t\t\t\t\t\t\t<div class=\"elementor-spacer\">\n\t\t\t<div class=\"elementor-spacer-inner\"><\/div>\n\t\t<\/div>\n\t\t\t\t\t\t<\/div>\n\t\t\t\t\t<\/div>\n\t\t\t\t<\/div>\n\t\t\t\t<section class=\"elementor-section elementor-top-section elementor-element elementor-element-1d0fd18 elementor-section-stretched elementor-section-height-min-height elementor-section-items-stretch elementor-section-boxed elementor-section-height-default\" data-id=\"1d0fd18\" data-element_type=\"section\" data-e-type=\"section\" data-settings=\"{&quot;stretch_section&quot;:&quot;section-stretched&quot;,&quot;background_background&quot;:&quot;classic&quot;}\">\n\t\t\t\t\t\t\t<div class=\"elementor-background-overlay\"><\/div>\n\t\t\t\t\t\t\t<div class=\"elementor-container elementor-column-gap-custom\">\n\t\t\t\t\t<div class=\"elementor-column elementor-col-100 elementor-top-column elementor-element elementor-element-ec97138\" data-id=\"ec97138\" data-element_type=\"column\" data-e-type=\"column\">\n\t\t\t<div class=\"elementor-widget-wrap elementor-element-populated\">\n\t\t\t\t\t\t<div class=\"elementor-element elementor-element-0abfeea elementor-widget__width-initial preserve-img-ratio-cover elementor-widget elementor-widget-the7_elements\" data-id=\"0abfeea\" data-element_type=\"widget\" data-e-type=\"widget\" data-widget_type=\"the7_elements.default\">\n\t\t\t\t<div class=\"elementor-widget-container\">\n\t\t\t\t\t<div class=\"portfolio-shortcode the7-elementor-widget the7_elements-0abfeea mode-grid dt-css-grid-wrap classic-layout-list description-under-image quick-scale-img content-bg-on enable-bg-rollover resize-by-browser-width widget-with-filter loading-effect-scale-up jquery-filter\" data-padding=\"15px\" data-mobile-columns-num=\"1\" data-tablet-columns-num=\"2\" data-desktop-columns-num=\"5\" data-wide-desktop-columns-num=\"5\" data-post-limit=\"-1\" data-pagination-mode=\"none\" data-scroll-offset=\"\" aria-live=\"assertive\"><div class=\"dt-css-grid custom-pagination-handler\"><div class=\"visible wf-cell category-1\" data-post-id=\"1\" data-date=\"2025-07-06T00:00:12+00:00\" data-name=\"NOWOCZESNE I PRECYZYJNE MASZYNY\"><article class=\"post visible post-1 type-post status-publish format-standard has-post-thumbnail hentry category-uncategorized\" data-name=\"NOWOCZESNE I PRECYZYJNE MASZYNY\" data-date=\"2025-07-06T00:00:12+00:00\">\n\n\t<div class=\"post-thumbnail-wrap\">\n\t\t<div class=\"post-thumbnail\">\n\n\t\t\t<a class=\"post-thumbnail-rollover layzr-bg img-css-resize-wrapper\" aria-label=\"Post image\" href=\"https:\/\/bionic-abutment.pl\/index.php\/2025\/07\/06\/nowoczesne-i-precyzyjne-maszyny\/\"><img fetchpriority=\"high\" decoding=\"async\" width=\"2560\" height=\"1707\" src=\"data:image\/svg+xml,%3Csvg%20xmlns%3D&#039;http%3A%2F%2Fwww.w3.org%2F2000%2Fsvg&#039;%20viewBox%3D&#039;0%200%202560%201707&#039;%2F%3E\" class=\"attachment-full size-full preload-me aspect lazy lazy-load\" alt=\"\" sizes=\"(max-width: 2560px) 100vw, 2560px\" style=\"--ratio: 2560 \/ 1707;\" data-src=\"https:\/\/bionic-abutment.pl\/wp-content\/uploads\/2025\/07\/maszyna.png\" loading=\"eager\" data-srcset=\"https:\/\/bionic-abutment.pl\/wp-content\/uploads\/2025\/07\/maszyna.png 2560w, https:\/\/bionic-abutment.pl\/wp-content\/uploads\/2025\/07\/maszyna-300x200.png 300w, https:\/\/bionic-abutment.pl\/wp-content\/uploads\/2025\/07\/maszyna-1024x683.png 1024w, https:\/\/bionic-abutment.pl\/wp-content\/uploads\/2025\/07\/maszyna-768x512.png 768w, https:\/\/bionic-abutment.pl\/wp-content\/uploads\/2025\/07\/maszyna-1536x1024.png 1536w, https:\/\/bionic-abutment.pl\/wp-content\/uploads\/2025\/07\/maszyna-2048x1366.png 2048w\" \/><\/a>\n\t\t<\/div>\n\t<\/div>\n\n\n<div class=\"post-entry-content\">\n\n\t<h5 class=\"ele-entry-title\"><a href=\"https:\/\/bionic-abutment.pl\/index.php\/2025\/07\/06\/nowoczesne-i-precyzyjne-maszyny\/\" rel=\"bookmark\" title=\"NOWOCZESNE I PRECYZYJNE MASZYNY\">NOWOCZESNE I PRECYZYJNE MASZYNY<\/a><\/h5><div class=\"entry-meta\"><\/div><a href=\"https:\/\/bionic-abutment.pl\/index.php\/2025\/07\/06\/nowoczesne-i-precyzyjne-maszyny\/\" target=\"\" aria-label=\"Czytaj wi\u0119cej o NOWOCZESNE I PRECYZYJNE MASZYNY\" class=\"box-button elementor-button elementor-size-xs\">wi\u0119cej<\/a>\n<\/div><\/article><\/div><div class=\"visible wf-cell category-1\" data-post-id=\"785\" data-date=\"2020-03-04T12:56:39+00:00\" data-name=\"INDYWIDUALNE KOMPONENTY\"><article class=\"post visible post-785 type-post status-publish format-standard has-post-thumbnail hentry category-uncategorized\" data-name=\"INDYWIDUALNE KOMPONENTY\" data-date=\"2020-03-04T12:56:39+00:00\">\n\n\t<div class=\"post-thumbnail-wrap\">\n\t\t<div class=\"post-thumbnail\">\n\n\t\t\t<a class=\"post-thumbnail-rollover layzr-bg img-css-resize-wrapper\" aria-label=\"Post image\" href=\"https:\/\/bionic-abutment.pl\/index.php\/2020\/03\/04\/indywidualne-komponenty\/\"><img decoding=\"async\" width=\"2560\" height=\"1707\" src=\"data:image\/svg+xml,%3Csvg%20xmlns%3D&#039;http%3A%2F%2Fwww.w3.org%2F2000%2Fsvg&#039;%20viewBox%3D&#039;0%200%202560%201707&#039;%2F%3E\" class=\"attachment-full size-full preload-me aspect lazy lazy-load\" alt=\"\" sizes=\"(max-width: 2560px) 100vw, 2560px\" style=\"--ratio: 2560 \/ 1707;\" data-src=\"https:\/\/bionic-abutment.pl\/wp-content\/uploads\/2020\/03\/komp1.png\" loading=\"eager\" data-srcset=\"https:\/\/bionic-abutment.pl\/wp-content\/uploads\/2020\/03\/komp1.png 2560w, https:\/\/bionic-abutment.pl\/wp-content\/uploads\/2020\/03\/komp1-300x200.png 300w, https:\/\/bionic-abutment.pl\/wp-content\/uploads\/2020\/03\/komp1-1024x683.png 1024w, https:\/\/bionic-abutment.pl\/wp-content\/uploads\/2020\/03\/komp1-768x512.png 768w, https:\/\/bionic-abutment.pl\/wp-content\/uploads\/2020\/03\/komp1-1536x1024.png 1536w, https:\/\/bionic-abutment.pl\/wp-content\/uploads\/2020\/03\/komp1-2048x1366.png 2048w\" \/><\/a>\n\t\t<\/div>\n\t<\/div>\n\n\n<div class=\"post-entry-content\">\n\n\t<h5 class=\"ele-entry-title\"><a href=\"https:\/\/bionic-abutment.pl\/index.php\/2020\/03\/04\/indywidualne-komponenty\/\" rel=\"bookmark\" title=\"INDYWIDUALNE KOMPONENTY\">INDYWIDUALNE KOMPONENTY<\/a><\/h5><div class=\"entry-meta\"><\/div><a href=\"https:\/\/bionic-abutment.pl\/index.php\/2020\/03\/04\/indywidualne-komponenty\/\" target=\"\" aria-label=\"Czytaj wi\u0119cej o INDYWIDUALNE KOMPONENTY\" class=\"box-button elementor-button elementor-size-xs\">wi\u0119cej<\/a>\n<\/div><\/article><\/div><div class=\"visible wf-cell category-1\" data-post-id=\"208\" data-date=\"2020-02-25T05:35:00+00:00\" data-name=\"MATERIA\u0141Y I NARZ\u0118DZIA PREMIUM\"><article class=\"post visible post-208 type-post status-publish format-standard has-post-thumbnail hentry category-uncategorized\" data-name=\"MATERIA\u0141Y I NARZ\u0118DZIA PREMIUM\" data-date=\"2020-02-25T05:35:00+00:00\">\n\n\t<div class=\"post-thumbnail-wrap\">\n\t\t<div class=\"post-thumbnail\">\n\n\t\t\t<a class=\"post-thumbnail-rollover layzr-bg img-css-resize-wrapper\" aria-label=\"Post image\" href=\"https:\/\/bionic-abutment.pl\/index.php\/2020\/02\/25\/materialy-i-narzedzia-premium\/\"><img decoding=\"async\" width=\"2560\" height=\"1707\" src=\"data:image\/svg+xml,%3Csvg%20xmlns%3D&#039;http%3A%2F%2Fwww.w3.org%2F2000%2Fsvg&#039;%20viewBox%3D&#039;0%200%202560%201707&#039;%2F%3E\" class=\"attachment-full size-full preload-me aspect lazy lazy-load\" alt=\"\" sizes=\"(max-width: 2560px) 100vw, 2560px\" style=\"--ratio: 2560 \/ 1707;\" data-src=\"https:\/\/bionic-abutment.pl\/wp-content\/uploads\/2020\/02\/skaner.png\" loading=\"eager\" data-srcset=\"https:\/\/bionic-abutment.pl\/wp-content\/uploads\/2020\/02\/skaner.png 2560w, https:\/\/bionic-abutment.pl\/wp-content\/uploads\/2020\/02\/skaner-300x200.png 300w, https:\/\/bionic-abutment.pl\/wp-content\/uploads\/2020\/02\/skaner-1024x683.png 1024w, https:\/\/bionic-abutment.pl\/wp-content\/uploads\/2020\/02\/skaner-768x512.png 768w, https:\/\/bionic-abutment.pl\/wp-content\/uploads\/2020\/02\/skaner-1536x1024.png 1536w, https:\/\/bionic-abutment.pl\/wp-content\/uploads\/2020\/02\/skaner-2048x1366.png 2048w\" \/><\/a>\n\t\t<\/div>\n\t<\/div>\n\n\n<div class=\"post-entry-content\">\n\n\t<h5 class=\"ele-entry-title\"><a href=\"https:\/\/bionic-abutment.pl\/index.php\/2020\/02\/25\/materialy-i-narzedzia-premium\/\" rel=\"bookmark\" title=\"MATERIA\u0141Y I NARZ\u0118DZIA PREMIUM\">MATERIA\u0141Y I NARZ\u0118DZIA PREMIUM<\/a><\/h5><div class=\"entry-meta\"><\/div><a href=\"https:\/\/bionic-abutment.pl\/index.php\/2020\/02\/25\/materialy-i-narzedzia-premium\/\" target=\"\" aria-label=\"Czytaj wi\u0119cej o MATERIA\u0141Y I NARZ\u0118DZIA PREMIUM\" class=\"box-button elementor-button elementor-size-xs\">wi\u0119cej<\/a>\n<\/div><\/article><\/div><div class=\"visible wf-cell category-1\" data-post-id=\"210\" data-date=\"2020-02-18T05:36:17+00:00\" data-name=\"ZAAWANSOWANE CAD\/CAM\"><article class=\"post visible post-210 type-post status-publish format-standard has-post-thumbnail hentry category-uncategorized\" data-name=\"ZAAWANSOWANE CAD\/CAM\" data-date=\"2020-02-18T05:36:17+00:00\">\n\n\t<div class=\"post-thumbnail-wrap\">\n\t\t<div class=\"post-thumbnail\">\n\n\t\t\t<a class=\"post-thumbnail-rollover layzr-bg img-css-resize-wrapper\" aria-label=\"Post image\" href=\"https:\/\/bionic-abutment.pl\/index.php\/2020\/02\/18\/zaawansowane-zastosowanie-cad-cam\/\"><img decoding=\"async\" width=\"2560\" height=\"1707\" src=\"data:image\/svg+xml,%3Csvg%20xmlns%3D&#039;http%3A%2F%2Fwww.w3.org%2F2000%2Fsvg&#039;%20viewBox%3D&#039;0%200%202560%201707&#039;%2F%3E\" class=\"attachment-full size-full preload-me aspect lazy lazy-load\" alt=\"\" sizes=\"(max-width: 2560px) 100vw, 2560px\" style=\"--ratio: 2560 \/ 1707;\" data-src=\"https:\/\/bionic-abutment.pl\/wp-content\/uploads\/2020\/02\/cad.png\" loading=\"eager\" data-srcset=\"https:\/\/bionic-abutment.pl\/wp-content\/uploads\/2020\/02\/cad.png 2560w, https:\/\/bionic-abutment.pl\/wp-content\/uploads\/2020\/02\/cad-300x200.png 300w, https:\/\/bionic-abutment.pl\/wp-content\/uploads\/2020\/02\/cad-1024x683.png 1024w, https:\/\/bionic-abutment.pl\/wp-content\/uploads\/2020\/02\/cad-768x512.png 768w, https:\/\/bionic-abutment.pl\/wp-content\/uploads\/2020\/02\/cad-1536x1024.png 1536w, https:\/\/bionic-abutment.pl\/wp-content\/uploads\/2020\/02\/cad-2048x1366.png 2048w\" \/><\/a>\n\t\t<\/div>\n\t<\/div>\n\n\n<div class=\"post-entry-content\">\n\n\t<h5 class=\"ele-entry-title\"><a href=\"https:\/\/bionic-abutment.pl\/index.php\/2020\/02\/18\/zaawansowane-zastosowanie-cad-cam\/\" rel=\"bookmark\" title=\"ZAAWANSOWANE CAD\/CAM\">ZAAWANSOWANE CAD\/CAM<\/a><\/h5><div class=\"entry-meta\"><\/div><a href=\"https:\/\/bionic-abutment.pl\/index.php\/2020\/02\/18\/zaawansowane-zastosowanie-cad-cam\/\" target=\"\" aria-label=\"Czytaj wi\u0119cej o ZAAWANSOWANE CAD\/CAM\" class=\"box-button elementor-button elementor-size-xs\">wi\u0119cej<\/a>\n<\/div><\/article><\/div><div class=\"visible wf-cell category-1\" data-post-id=\"134\" data-date=\"2020-02-16T11:14:00+00:00\" data-name=\"ZESP\u00d3\u0141 I BIBLIOTEKI PROJEKTOWE\"><article class=\"post visible post-134 type-post status-publish format-standard has-post-thumbnail hentry category-uncategorized\" data-name=\"ZESP\u00d3\u0141 I BIBLIOTEKI PROJEKTOWE\" data-date=\"2020-02-16T11:14:00+00:00\">\n\n\t<div class=\"post-thumbnail-wrap\">\n\t\t<div class=\"post-thumbnail\">\n\n\t\t\t<a class=\"post-thumbnail-rollover layzr-bg img-css-resize-wrapper\" aria-label=\"Post image\" href=\"https:\/\/bionic-abutment.pl\/index.php\/2020\/02\/16\/zespol-i-biblioteki-projektowe\/\"><img decoding=\"async\" width=\"2560\" height=\"1707\" src=\"data:image\/svg+xml,%3Csvg%20xmlns%3D&#039;http%3A%2F%2Fwww.w3.org%2F2000%2Fsvg&#039;%20viewBox%3D&#039;0%200%202560%201707&#039;%2F%3E\" class=\"attachment-full size-full preload-me aspect lazy lazy-load\" alt=\"\" sizes=\"(max-width: 2560px) 100vw, 2560px\" style=\"--ratio: 2560 \/ 1707;\" data-src=\"https:\/\/bionic-abutment.pl\/wp-content\/uploads\/2020\/02\/biblioteki.png\" loading=\"eager\" data-srcset=\"https:\/\/bionic-abutment.pl\/wp-content\/uploads\/2020\/02\/biblioteki.png 2560w, https:\/\/bionic-abutment.pl\/wp-content\/uploads\/2020\/02\/biblioteki-300x200.png 300w, https:\/\/bionic-abutment.pl\/wp-content\/uploads\/2020\/02\/biblioteki-1024x683.png 1024w, https:\/\/bionic-abutment.pl\/wp-content\/uploads\/2020\/02\/biblioteki-768x512.png 768w, https:\/\/bionic-abutment.pl\/wp-content\/uploads\/2020\/02\/biblioteki-1536x1024.png 1536w, https:\/\/bionic-abutment.pl\/wp-content\/uploads\/2020\/02\/biblioteki-2048x1366.png 2048w\" \/><\/a>\n\t\t<\/div>\n\t<\/div>\n\n\n<div class=\"post-entry-content\">\n\n\t<h5 class=\"ele-entry-title\"><a href=\"https:\/\/bionic-abutment.pl\/index.php\/2020\/02\/16\/zespol-i-biblioteki-projektowe\/\" rel=\"bookmark\" title=\"ZESP\u00d3\u0141 I BIBLIOTEKI PROJEKTOWE\">ZESP\u00d3\u0141 I BIBLIOTEKI PROJEKTOWE<\/a><\/h5><div class=\"entry-meta\"><\/div><a href=\"https:\/\/bionic-abutment.pl\/index.php\/2020\/02\/16\/zespol-i-biblioteki-projektowe\/\" target=\"\" aria-label=\"Czytaj wi\u0119cej o ZESP\u00d3\u0141 I BIBLIOTEKI PROJEKTOWE\" class=\"box-button elementor-button elementor-size-xs\">wi\u0119cej<\/a>\n<\/div><\/article><\/div><\/div><!-- iso-container|iso-grid --><\/div>\t\t\t\t<\/div>\n\t\t\t\t<\/div>\n\t\t\t\t<div class=\"elementor-element elementor-element-ba411d5 elementor-widget elementor-widget-spacer\" data-id=\"ba411d5\" data-element_type=\"widget\" data-e-type=\"widget\" data-widget_type=\"spacer.default\">\n\t\t\t\t\t\t\t<div class=\"elementor-spacer\">\n\t\t\t<div class=\"elementor-spacer-inner\"><\/div>\n\t\t<\/div>\n\t\t\t\t\t\t<\/div>\n\t\t\t\t\t<\/div>\n\t\t<\/div>\n\t\t\t\t\t<\/div>\n\t\t<\/section>\n\t\t\t\t<\/div>\n\t\t","protected":false},"excerpt":{"rendered":"<p>TECHNOLOGIA NOWOCZESNE I PRECYZYJNE MASZYNY wi\u0119cej INDYWIDUALNE KOMPONENTY wi\u0119cej MATERIA\u0141Y I NARZ\u0118DZIA PREMIUM wi\u0119cej ZAAWANSOWANE CAD\/CAM wi\u0119cej ZESP\u00d3\u0141 I BIBLIOTEKI PROJEKTOWE wi\u0119cej<\/p>\n","protected":false},"author":1,"featured_media":0,"parent":0,"menu_order":15,"comment_status":"closed","ping_status":"closed","template":"","meta":{"footnotes":""},"class_list":["post-1642","page","type-page","status-publish","hentry"],"aioseo_notices":[],"_links":{"self":[{"href":"https:\/\/bionic-abutment.pl\/index.php\/wp-json\/wp\/v2\/pages\/1642","targetHints":{"allow":["GET"]}}],"collection":[{"href":"https:\/\/bionic-abutment.pl\/index.php\/wp-json\/wp\/v2\/pages"}],"about":[{"href":"https:\/\/bionic-abutment.pl\/index.php\/wp-json\/wp\/v2\/types\/page"}],"author":[{"embeddable":true,"href":"https:\/\/bionic-abutment.pl\/index.php\/wp-json\/wp\/v2\/users\/1"}],"replies":[{"embeddable":true,"href":"https:\/\/bionic-abutment.pl\/index.php\/wp-json\/wp\/v2\/comments?post=1642"}],"version-history":[{"count":86,"href":"https:\/\/bionic-abutment.pl\/index.php\/wp-json\/wp\/v2\/pages\/1642\/revisions"}],"predecessor-version":[{"id":6150,"href":"https:\/\/bionic-abutment.pl\/index.php\/wp-json\/wp\/v2\/pages\/1642\/revisions\/6150"}],"wp:attachment":[{"href":"https:\/\/bionic-abutment.pl\/index.php\/wp-json\/wp\/v2\/media?parent=1642"}],"curies":[{"name":"wp","href":"https:\/\/api.w.org\/{rel}","templated":true}]}}